{"id":215,"date":"2023-06-01T10:40:26","date_gmt":"2023-06-01T07:40:26","guid":{"rendered":"https:\/\/boutique.echos-furniture.ro\/?page_id=215"},"modified":"2023-07-19T12:39:07","modified_gmt":"2023-07-19T09:39:07","slug":"contact","status":"publish","type":"page","link":"https:\/\/boutique.echos-furniture.ro\/fr\/contact\/","title":{"rendered":"CONTACT"},"content":{"rendered":"<p class=\"has-text-color\" style=\"color:#3b94ab\"><em>T\u00e9l\u00e9phone 1<\/em> :  <strong><mark style=\"background-color:rgba(0, 0, 0, 0)\" class=\"has-inline-color has-black-color\">+40 744 375 555<\/mark><\/strong>  (<em> du Lundi - au Samedi : 10:00 \u2013 19:00 <\/em>)<\/p>\n\n\n\n<p class=\"has-text-color\" style=\"color:#3b94ab\"><em>T\u00e9l\u00e9phone 2<\/em> :  <strong><mark style=\"background-color:rgba(0, 0, 0, 0)\" class=\"has-inline-color has-black-color\">+40 745 200 880<\/mark><\/strong>  <em> (<em> du Lundi - au Samedi<\/em> : 10:00 &#8211; 19:00 <\/em>)<\/p>\n\n\n\n<p><mark style=\"background-color:rgba(0, 0, 0, 0)\" class=\"has-inline-color has-vivid-cyan-blue-color\"><em>T\u00e9l. en <strong>fran\u00e7ais<\/strong><\/em> :  <strong>+40 745 200 880<\/strong>  (<em> lundi &#8211; samedi : 10:00 &#8211; 19:00 <\/em>)<\/mark><\/p>\n\n\n\n<p><mark style=\"background-color:rgba(0, 0, 0, 0)\" class=\"has-inline-color has-vivid-red-color\"><em><span style=\"text-decoration: underline;\">e-mail<\/span><\/em> :  <strong>boutique.echos@gmail.com<\/strong> <\/mark><\/p>\n\n\n\n<p><mark style=\"background-color:#abb8c3\" class=\"has-inline-color has-white-color\"><strong>ECHOS Furniture<\/strong> srl <\/mark><\/p>\n\n\n\n<ul class=\"wp-block-list\">\n<li><span style=\"text-decoration: underline;\">nom<\/span> : <strong>ECHOS Furniture srl<\/strong><\/li>\n\n\n\n<li><span style=\"text-decoration: underline;\">adresse<\/span> : <strong>str. Roman nr. 55 \/ Leresti \/ code postal 117430 \/ Jud. Arges<\/strong><\/li>\n\n\n\n<li><span style=\"text-decoration: underline;\">Registre du Commerce et des Soci\u00e9t\u00e9s<\/span> : <strong>J03\/386\/1999<\/strong><\/li>\n\n\n\n<li><span style=\"text-decoration: underline;\">Code Fiscal (num\u00e9ro SIREN)<\/span> : <strong>12411778<\/strong><\/li>\n\n\n\n<li><span style=\"text-decoration: underline;\">code IBAN<\/span> : <strong>RO95BRDE030SV06321390300<\/strong>  , ouvert \u00e0 la banque <strong>BRD \u2013 Groupe Soci\u00e9t\u00e9 G\u00e9n\u00e9rale<\/strong> S.A. \u2013  <em>Agence Campulung Muscel \/<\/em> BIC \/ SWIFT : <strong>BRDEROBU<\/strong><\/li>\n<\/ul>\n\n\n\n<p><\/p>\n\n\n\n<p><\/p>\n\n\n\n<p><\/p>\n\n\n\n<p><\/p>","protected":false},"excerpt":{"rendered":"<p>Phone 1 : +40 744 375 555 ( Monday &#8211; Saturday : 10:00 &#8211; 19:00 ) Phone 2 : +40 745 200 880 ( Monday &#8211; Saturday : 10:00 &#8211; 19:00 ) T\u00e9l. en fran\u00e7ais : +40 745 200 880 ( lundi &#8211; samedi : 10:00 &#8211; 19:00 ) e-mail : boutique.echos@gmail.com ECHOS Furniture srl<\/p>","protected":false},"author":1,"featured_media":0,"parent":0,"menu_order":0,"comment_status":"closed","ping_status":"closed","template":"","meta":{"footnotes":""},"class_list":["post-215","page","type-page","status-publish","hentry"],"_links":{"self":[{"href":"https:\/\/boutique.echos-furniture.ro\/fr\/wp-json\/wp\/v2\/pages\/215","targetHints":{"allow":["GET"]}}],"collection":[{"href":"https:\/\/boutique.echos-furniture.ro\/fr\/wp-json\/wp\/v2\/pages"}],"about":[{"href":"https:\/\/boutique.echos-furniture.ro\/fr\/wp-json\/wp\/v2\/types\/page"}],"author":[{"embeddable":true,"href":"https:\/\/boutique.echos-furniture.ro\/fr\/wp-json\/wp\/v2\/users\/1"}],"replies":[{"embeddable":true,"href":"https:\/\/boutique.echos-furniture.ro\/fr\/wp-json\/wp\/v2\/comments?post=215"}],"version-history":[{"count":23,"href":"https:\/\/boutique.echos-furniture.ro\/fr\/wp-json\/wp\/v2\/pages\/215\/revisions"}],"predecessor-version":[{"id":553,"href":"https:\/\/boutique.echos-furniture.ro\/fr\/wp-json\/wp\/v2\/pages\/215\/revisions\/553"}],"wp:attachment":[{"href":"https:\/\/boutique.echos-furniture.ro\/fr\/wp-json\/wp\/v2\/media?parent=215"}],"curies":[{"name":"wp","href":"https:\/\/api.w.org\/{rel}","templated":true}]}}