{"id":236,"date":"2023-06-01T13:24:13","date_gmt":"2023-06-01T10:24:13","guid":{"rendered":"https:\/\/boutique.echos-furniture.ro\/?page_id=236"},"modified":"2023-07-07T22:34:20","modified_gmt":"2023-07-07T19:34:20","slug":"cum-cumpar","status":"publish","type":"page","link":"https:\/\/boutique.echos-furniture.ro\/fr\/cum-cumpar\/","title":{"rendered":"Comment acheter ?"},"content":{"rendered":"<p class=\"has-vivid-cyan-blue-color has-text-color translation-block\"><em>Bienvenue sur la boutique en ligne <strong>ECHOS Furniture<\/strong> !<\/em><\/p>\n\n\n\n<p class=\"has-text-color\" style=\"color:#3b94ab\">Pour une exp\u00e9rience facile, veuillez lire le texte ci-dessous et si vous avez des questions, nous les accueillons \u00e0 l'adresse e-mail : <mark style=\"background-color:rgba(0, 0, 0, 0)\" class=\"has-inline-color has-black-color\"><mark style=\"background-color:rgba(0, 0, 0, 0)\" class=\"has-inline-color has-black-color\">boutique.echos@gmail.com<\/mark><\/mark> , ou aux num\u00e9ros de t\u00e9l\u00e9phone  <mark style=\"background-color:rgba(0, 0, 0, 0)\" class=\"has-inline-color has-black-color\">+40 744 375 555<\/mark>  ou  <mark style=\"background-color:rgba(0, 0, 0, 0)\" class=\"has-inline-color has-black-color\">+40 745 200 880<\/mark> tous les jours, du Lundi au Samedi, de 10:00 \u00e0 19:00 heures. <\/p>\n\n\n\n<h2 class=\"wp-block-heading has-text-color\" style=\"color:#f80000\">1. Ai-je besoin d'un compte pour commander ?<\/h2>\n\n\n\n<p class=\"has-text-color\" style=\"color:#3b94ab\">Ce n'est pas obligatoire. Les Produits peuvent \u00e9galement \u00eatre command\u00e9s, sans cr\u00e9er de compte. <\/p>\n\n\n\n<h2 class=\"wp-block-heading has-text-color\" style=\"color:#f80000\">2. Comment acheter \/ commander ?<\/h2>\n\n\n\n<p class=\"has-text-color\" style=\"color:#3b94ab\">Pour trouver plus facilement les produits que vous souhaitez, effectuez une recherche dans le menu CAT\u00c9GORIES ou utilisez l'option de recherche par nom ou code de produit. Apr\u00e8s avoir ajout\u00e9 les produits au panier, il ne vous reste plus qu'\u00e0 finaliser la commande. ( \u00c9TAPES : <strong>Ajouter au panier <mark style=\"background-color:rgba(0, 0, 0, 0)\" class=\"has-inline-color has-vivid-red-color\">\/<\/mark> Voir le panier <mark style=\"background-color:rgba(0, 0, 0, 0)\" class=\"has-inline-color has-vivid-red-color\">\/<\/mark> Valider la commande<\/strong> ) Sur cette page, vous devez remplir tous les champs, n\u00e9cessaires \u00e0 la livraison. <em>Le co\u00fbt total de la commande<\/em> est \u00e9galement affich\u00e9 ici, y compris<em> frais de livraison<\/em>. Ici aussi, s\u00e9lectionnez le mode de paiement souhait\u00e9 et les autres options disponibles pour votre commande. Enfin, appuyez sur le <strong>bouton Commander<\/strong> . Apr\u00e8s l'envoi de la commande, vous recevrez un e-mail confirmant son enregistrement dans notre syst\u00e8me.<\/p>\n\n\n\n<h2 class=\"wp-block-heading has-text-color\" style=\"color:#f80000\">3. Si le colis contient des produits endommag\u00e9s, que dois-je faire ?<\/h2>\n\n\n\n<p class=\"has-text-color\" style=\"color:#3b94ab\">Apr\u00e8s ouverture du colis, s'il contient des produits endommag\u00e9s ou ne correspondant pas aux produits factur\u00e9s, merci de conserver le ou les produits concern\u00e9s et de nous contacter dans les 24 heures suivant la r\u00e9ception du colis, \u00e0 l'adresse e-mail : <mark style=\"background-color:rgba(0, 0, 0, 0)\" class=\"has-inline-color has-black-color\">boutique.echos@gmail.com<\/mark><\/p>\n\n\n\n<h2 class=\"wp-block-heading has-text-color\" style=\"color:#f80000\">4. Je suis une personne juridique, puis-je commander en ligne ?<\/h2>\n\n\n\n<p class=\"has-text-color\" style=\"color:#3b94ab\">Bien s\u00fbr. Le site s'adresse aussi bien aux personnes physiques qu'aux personnes juridiques. Dans l` <em>\u00e9tape Finalisation<\/em> , s\u00e9lectionnez une personne physique ou juridique et remplissez les champs requis.<\/p>\n\n\n\n<h2 class=\"wp-block-heading has-text-color\" style=\"color:#f80000\">5. Dans quels pays les produits peuvent-ils \u00eatre livr\u00e9s ?<\/h2>\n\n\n\n<p class=\"has-text-color\" style=\"color:#3b94ab\">Les produits peuvent \u00eatre livr\u00e9s dans les pays suivants : Roumanie, France, Belgique, Luxembourg, Italie, Espagne, Portugal, Autriche, Hongrie, Slovaquie, R\u00e9publique Tch\u00e8que, Pologne, Bulgarie, Gr\u00e8ce, Danemark.<\/p>","protected":false},"excerpt":{"rendered":"<p>Welcome to the ECHOS Furniture online store ! For an easy experience, please read the text below, and if you have any questions, we welcome them at the e-mail address : boutique.echos@gmail.com , or at the phone numbers +40 744 375 555 or +40 745 200 880 in every day, from Monday to Saturday, between [&hellip;]<\/p>","protected":false},"author":1,"featured_media":0,"parent":0,"menu_order":0,"comment_status":"closed","ping_status":"closed","template":"","meta":{"footnotes":""},"class_list":["post-236","page","type-page","status-publish","hentry"],"_links":{"self":[{"href":"https:\/\/boutique.echos-furniture.ro\/fr\/wp-json\/wp\/v2\/pages\/236","targetHints":{"allow":["GET"]}}],"collection":[{"href":"https:\/\/boutique.echos-furniture.ro\/fr\/wp-json\/wp\/v2\/pages"}],"about":[{"href":"https:\/\/boutique.echos-furniture.ro\/fr\/wp-json\/wp\/v2\/types\/page"}],"author":[{"embeddable":true,"href":"https:\/\/boutique.echos-furniture.ro\/fr\/wp-json\/wp\/v2\/users\/1"}],"replies":[{"embeddable":true,"href":"https:\/\/boutique.echos-furniture.ro\/fr\/wp-json\/wp\/v2\/comments?post=236"}],"version-history":[{"count":23,"href":"https:\/\/boutique.echos-furniture.ro\/fr\/wp-json\/wp\/v2\/pages\/236\/revisions"}],"predecessor-version":[{"id":458,"href":"https:\/\/boutique.echos-furniture.ro\/fr\/wp-json\/wp\/v2\/pages\/236\/revisions\/458"}],"wp:attachment":[{"href":"https:\/\/boutique.echos-furniture.ro\/fr\/wp-json\/wp\/v2\/media?parent=236"}],"curies":[{"name":"wp","href":"https:\/\/api.w.org\/{rel}","templated":true}]}}