{"id":245,"date":"2023-06-01T16:21:06","date_gmt":"2023-06-01T13:21:06","guid":{"rendered":"https:\/\/boutique.echos-furniture.ro\/?page_id=245"},"modified":"2023-07-13T15:47:38","modified_gmt":"2023-07-13T12:47:38","slug":"plata","status":"publish","type":"page","link":"https:\/\/boutique.echos-furniture.ro\/fr\/plata\/","title":{"rendered":"Payement"},"content":{"rendered":"<p class=\"has-text-color\" style=\"color:#3b94ab\">Une fois que le Client a s\u00e9lectionn\u00e9 tous les produits qu'il souhaite acheter, en les ajoutant au panier, l'\u00e9tape suivante consiste \u00e0 passer par le processus de finalisation de la commande et de r\u00e9alisation du paiement. Pour ce faire, le Client doit suivre les \u00e9tapes du processus d'achat, en compl\u00e9tant ou en v\u00e9rifiant les informations demand\u00e9es \u00e0 chaque \u00e9tape. De plus, tout au long du processus d'achat, avant d'effectuer le paiement, le Client peut modifier les donn\u00e9es de la commande. Aussi, si le Client est un membre enregistr\u00e9, un historique de toutes les commandes pass\u00e9es par lui, sera disponible dans la rubrique \u00ab Mon compte \u00bb.<mark style=\"background-color:rgba(0, 0, 0, 0)\" class=\"has-inline-color has-black-color\"> <\/mark><\/p>\n\n\n\n<p class=\"has-vivid-cyan-blue-color has-text-color\"><mark style=\"background-color:rgba(0, 0, 0, 0)\" class=\"has-inline-color has-black-color\"><em>Les modes de paiement sont<\/em> : payement en ligne \/ payement par virement bancaire \/ payement \u00e0 la livraison<span style=\"text-decoration: underline;\"><br><\/span><\/mark><\/p>\n\n\n\n<p class=\"has-vivid-cyan-blue-color has-text-color\"><mark style=\"background-color:rgba(0, 0, 0, 0)\" class=\"has-inline-color has-vivid-red-color\"><strong>1. PAYEMENT EN LIGNE<\/strong><\/mark><\/p>\n\n\n\n<p class=\"has-text-color\" style=\"color:#3b94ab\"> <span style=\"font-size: revert;\">Le payement s'effectue en toute s\u00e9curit\u00e9, sans pr\u00e9l\u00e8vement d'aucune sorte de commission. Les donn\u00e9es de la carte sont trait\u00e9es via <\/span><em style=\"font-size: revert;\">EuPlatesc.ro<\/em><strong style=\"font-size: revert;\"> - processeur de paiement (plateforme de paiement en ligne)<\/strong><span style=\"font-size: revert;\">, et <\/span><em style=\"font-size: revert;\">boutique.echos-furniture.ro<\/em><span style=\"font-size: revert;\"> ne demande, ni ne stocke aucune donn\u00e9e relative \u00e0 la carte du Client. Comme cela se fait dans de telles situations, pour la bonne ex\u00e9cution de la transaction, vous devez fournir le code de la carte (tous les chiffres des quatre groupes au recto de la carte, sans espaces), la date d'expiration et les trois derniers chiffres au verso de la carte, inscrits sur la bande, avec votre signature (selon le type de carte, ceux-ci peuvent \u00eatre manquants).<\/span>   <p>Les cartes de cr\u00e9dit sont soumises \u00e0 des contr\u00f4les de validation et d'autorisation par l'institution \u00e9mettrice. Dans le cas o\u00f9 nous ne recevons pas l'autorisation n\u00e9cessaire, nous ne serons pas responsables de tout retard dans la livraison des produits command\u00e9s ou, le cas \u00e9ch\u00e9ant, de la non-livraison.<\/p> <span style=\"font-size: revert;\">3D-Secure est un syst\u00e8me anti-fraude d\u00e9velopp\u00e9 par Visa et Mastercard. L'utilisation de ce syst\u00e8me vous permet d'augmenter la s\u00e9curit\u00e9 des transactions en ligne. En cas de perte ou de vol, la carte inscrite \u00e0 3D Secure ne pourra pas \u00eatre utilis\u00e9e par des tiers, pour des achats en ligne.<\/span>   <p>Le processus d'authentification ne n\u00e9cessite l'installation d'aucune application sp\u00e9ciale sur votre ordinateur et ne rend pas difficile, la navigation sur Internet.<\/p> <strong><mark style=\"background-color:rgba(0, 0, 0, 0)\" class=\"has-inline-color has-luminous-vivid-orange-color\">2.<\/mark><\/strong>\u00a0<mark style=\"background-color:rgba(0, 0, 0, 0)\" class=\"has-inline-color has-luminous-vivid-orange-color\"><strong>PAYEMENT PAR VIREMENT BANCAIRE<\/strong><\/mark><mark style=\"background-color:rgba(0, 0, 0, 0)\" class=\"has-inline-color has-black-color\"> <\/mark><\/p>\n\n\n\n<ul class=\"wp-block-list\">\n<li><span style=\"text-decoration: underline;\">Nom<\/span> : <strong>ECHOS Furniture srl<\/strong><\/li>\n\n\n\n<li><span style=\"text-decoration: underline;\">Adresse<\/span> : <strong>str. Roman nr. 55 \/ Leresti \/ code postal 117430 \/ Jud. Arges<\/strong><\/li>\n\n\n\n<li><span style=\"text-decoration: underline;\">Num\u00e9ro<\/span> Registre du Commerce et des Soci\u00e9t\u00e9s <strong>J03\/386\/1999<\/strong><\/li>\n\n\n\n<li><span style=\"text-decoration: underline;\">Code Fiscal (num\u00e9ro SIREN)<\/span> : <strong>12411778<\/strong><\/li>\n\n\n\n<li><span style=\"text-decoration: underline;\">code IBAN<\/span> : <strong>RO95BRDE030SV06321390300<\/strong>  , ouvert \u00e0 la banque <strong>BRD \u2013 Groupe Soci\u00e9t\u00e9 G\u00e9n\u00e9rale<\/strong> S.A. \u2013  <em>Agence Campulung Muscel \/<\/em> \/ SWIFT : <strong>BRDEROBU<\/strong>                                                                                                                                                                                                                                  *** <em>Si le paiement est effectu\u00e9 par \"Payement par Virement Bancaire\" , les produits ne seront livr\u00e9s qu'apr\u00e8s la confirmation de r\u00e9ception du paiement, sur le compte bancaire.<\/em><\/li>\n<\/ul>\n\n\n\n<p class=\"has-vivid-green-cyan-color has-text-color\"><strong>3. PAYEMENT \u00c0 LA LIVRAISON <em>par Courrier<\/em> ( DPD )<\/strong> <\/p>\n\n\n\n<p><\/p>","protected":false},"excerpt":{"rendered":"<p>After the Customer has selected all the products he wants to buy, by adding them to the shopping cart, the next step is to go through the process of finalizing the order and making the payment. To do this, the Customer must follow the steps in the purchase process, completing or verifying the requested information [&hellip;]<\/p>","protected":false},"author":1,"featured_media":0,"parent":0,"menu_order":0,"comment_status":"closed","ping_status":"closed","template":"","meta":{"footnotes":""},"class_list":["post-245","page","type-page","status-publish","hentry"],"_links":{"self":[{"href":"https:\/\/boutique.echos-furniture.ro\/fr\/wp-json\/wp\/v2\/pages\/245","targetHints":{"allow":["GET"]}}],"collection":[{"href":"https:\/\/boutique.echos-furniture.ro\/fr\/wp-json\/wp\/v2\/pages"}],"about":[{"href":"https:\/\/boutique.echos-furniture.ro\/fr\/wp-json\/wp\/v2\/types\/page"}],"author":[{"embeddable":true,"href":"https:\/\/boutique.echos-furniture.ro\/fr\/wp-json\/wp\/v2\/users\/1"}],"replies":[{"embeddable":true,"href":"https:\/\/boutique.echos-furniture.ro\/fr\/wp-json\/wp\/v2\/comments?post=245"}],"version-history":[{"count":45,"href":"https:\/\/boutique.echos-furniture.ro\/fr\/wp-json\/wp\/v2\/pages\/245\/revisions"}],"predecessor-version":[{"id":549,"href":"https:\/\/boutique.echos-furniture.ro\/fr\/wp-json\/wp\/v2\/pages\/245\/revisions\/549"}],"wp:attachment":[{"href":"https:\/\/boutique.echos-furniture.ro\/fr\/wp-json\/wp\/v2\/media?parent=245"}],"curies":[{"name":"wp","href":"https:\/\/api.w.org\/{rel}","templated":true}]}}