{"id":249,"date":"2023-06-01T17:27:26","date_gmt":"2023-06-01T14:27:26","guid":{"rendered":"https:\/\/boutique.echos-furniture.ro\/?page_id=249"},"modified":"2023-07-11T21:44:39","modified_gmt":"2023-07-11T18:44:39","slug":"livrare","status":"publish","type":"page","link":"https:\/\/boutique.echos-furniture.ro\/fr\/livrare\/","title":{"rendered":"Livraison"},"content":{"rendered":"<p><\/p>\n\n\n\n<p class=\"has-text-color\" style=\"color:#3b94ab\">Sous r\u00e9serve des dispositions de l'article 5 ci-dessus concernant la disponibilit\u00e9 des produits, sauf circonstances extraordinaires, nous mettrons tout en \u0153uvre pour compl\u00e9ter votre commande avec le(s) produit(s), r\u00e9pertori\u00e9(s) dans la Confirmation de Commande, \u00e0 la date indiqu\u00e9e dans la Confirmation. Si la date de livraison estim\u00e9e n'est pas pr\u00e9cis\u00e9e, dans le d\u00e9lai estim\u00e9, (indiqu\u00e9 dans la s\u00e9lection du mode de livraison) nous compl\u00e9terons votre commande, dans tous les cas, dans un d\u00e9lai maximum de 30 jours calendaires, \u00e0 compter de la date de la Confirmation d'Exp\u00e9dition.<br>Cependant, des retards peuvent survenir pour des raisons telles que, des circonstances impr\u00e9vues ou la zone de livraison.<br>Si, pour des raisons objectives, nous ne sommes pas en mesure de respecter la date de livraison, nous vous informerons de cette situation et vous donnerons la possibilit\u00e9 <em>de conserver la commande avec une nouvelle date de livraison<\/em> ou <em>d`annuler la commande avec un remboursement du montant, total pay\u00e9<\/em>. Veuillez noter que nous ne livrons pas le dimanche.<\/p>\n\n\n\n<p>Si la commande ne vous parvient pas dans le d\u00e9lai de livraison estim\u00e9, veuillez nous contacter en utilisant les donn\u00e9es suivantes : <strong><span style=\"text-decoration: underline;\">num\u00e9ro de t\u00e9l\u00e9phone<\/span><\/strong> <strong><mark style=\"background-color:rgba(0, 0, 0, 0)\" class=\"has-inline-color has-vivid-red-color\">+40 744 375 555<\/mark><\/strong> ou <strong><mark style=\"background-color:rgba(0, 0, 0, 0)\" class=\"has-inline-color has-vivid-red-color\">+40 745 200 880<\/mark><\/strong> , ou <strong><span style=\"text-decoration: underline;\">adresse e-mail<\/span><\/strong> : <mark style=\"background-color:rgba(0, 0, 0, 0)\" class=\"has-inline-color has-vivid-red-color\"><strong>boutique.echos@gmail.com<\/strong><\/mark> . En cas de livraison par courrier, si le Client n'est pas trouv\u00e9 \u00e0 l'adresse mentionn\u00e9e, dans le d\u00e9lai convenu, le courrier reviendra une fois de plus (apr\u00e8s avoir r\u00e9ussi \u00e0 contacter le Client), apr\u00e8s quoi, la commande sera annul\u00e9e et le(s) produit(s) seront retourn\u00e9s au si\u00e8ge d'ECHOS Furniture srl. (le Client supportera les frais d'une nouvelle livraison, quelle que soit la valeur des produits command\u00e9s). Dans ce cas, l'adresse de livraison du colis sera confirm\u00e9e ensemble, avec un conseiller client\u00e8le ECHOS Furniture, par t\u00e9l\u00e9phone ou par e-mail.<\/p>\n\n\n\n<p>ECHOS Furniture srl n'est pas responsable des d\u00e9fauts des produits, r\u00e9sultant de la manipulation ou du transport par courrier.<\/p>\n\n\n\n<p>Si les d\u00e9lais de livraison et \/ ou d'initialisation de la commande ne peuvent \u00eatre respect\u00e9s, ECHOS Furniture srl informera le Client de ces probl\u00e8mes et du d\u00e9lai estim\u00e9 pour la r\u00e9alisation de la livraison, <strong>sans qu'aucune des parties ne puisse r\u00e9clamer des dommages et int\u00e9r\u00eats \u00e0 l'autre, quelle que soit la situation ayant caus\u00e9 le retard.<\/strong><\/p>\n\n\n\n<p>Les risques de perte ou d'endommagement de la marchandise, ainsi que toutes autres d\u00e9penses suppl\u00e9mentaires, occasionn\u00e9es par des \u00e9v\u00e9nements survenus apr\u00e8s la remise de la marchandise au transporteur, sont transf\u00e9r\u00e9es du vendeur au Client, lors de la remise de la marchandise au transporteur.<\/p>\n\n\n\n<p class=\"has-text-color\" style=\"color:#3b94ab\"><mark style=\"background-color:rgba(0, 0, 0, 0)\" class=\"has-inline-color has-vivid-purple-color\">\u27a4<\/mark> <em>Les produits peuvent \u00eatre livr\u00e9s dans les pays suivants<\/em> : <strong><mark style=\"background-color:rgba(0, 0, 0, 0)\" class=\"has-inline-color has-vivid-purple-color\">Roumanie, France, Belgique, Luxembourg, Italie, Espagne, Portugal, Autriche, Hongrie, Slovaquie, R\u00e9publique Tch\u00e8que, Pologne, Bulgarie, Gr\u00e8ce, Danemark<\/mark> <\/strong>.<\/p>\n\n\n\n<p class=\"has-text-color\" style=\"color:#381801\"><mark style=\"background-color:rgba(0, 0, 0, 0)\" class=\"has-inline-color has-vivid-cyan-blue-color\">\u27a4<\/mark> <mark style=\"background-color:rgba(0, 0, 0, 0)\" class=\"has-inline-color has-vivid-cyan-blue-color\">La livraison des produits, pour les pays mentionn\u00e9s ci-dessus, est effectu\u00e9e par la soci\u00e9t\u00e9 <\/mark><mark style=\"background-color:rgba(0, 0, 0, 0)\" class=\"has-inline-color has-vivid-red-color\">DPD<\/mark><mark style=\"background-color:rgba(0, 0, 0, 0)\" class=\"has-inline-color has-vivid-cyan-blue-color\"> (<em>Dynamic Parcel Distribution<\/em>). La livraison standard par <\/mark><mark style=\"background-color:rgba(0, 0, 0, 0)\" class=\"has-inline-color has-vivid-red-color\">DPD<\/mark><mark style=\"background-color:rgba(0, 0, 0, 0)\" class=\"has-inline-color has-vivid-cyan-blue-color\"> (max. 5 - 6 jours ouvrables), se fait avec la possibilit\u00e9 de suivre en ligne l'itin\u00e9raire du colis, \u00e0 travers les pays o\u00f9 il transite, en acc\u00e9dant \u00e0 l'application de suivi du courrier DPD (<\/mark><mark style=\"background-color:rgba(0, 0, 0, 0)\" class=\"has-inline-color has-vivid-red-color\">https:\/\/tracking.dpd.ro<\/mark><mark style=\"background-color:rgba(0, 0, 0, 0)\" class=\"has-inline-color has-vivid-cyan-blue-color\">), en utilisant le<em> num\u00e9ro AWB international<\/em>, que vous avez re\u00e7u par email<\/mark>.<\/p>\n\n\n\n<p>L' <strong><mark style=\"background-color:rgba(0, 0, 0, 0)\" class=\"has-inline-color has-vivid-red-color\">DPD<\/mark><\/strong> courrier tentera de livrer 2 fois \u00e0 l'adresse de livraison mentionn\u00e9e sur la page de paiement. En cas d'\u00e9chec de la livraison, le colis sera retourn\u00e9 au si\u00e8ge social d'ECHOS Furniture et la commande sera annul\u00e9e, les frais d'une nouvelle livraison \u00e9tant \u00e0 la charge du client, quelle que soit la valeur des produits command\u00e9s.<\/p>\n\n\n\n<p>Lorsque le colis quitte le si\u00e8ge d'ECHOS Furniture, vous recevrez automatiquement un<strong> e-mail de confirmation d'exp\u00e9dition<\/strong>, qui contient \u00e9galement le <strong>Num\u00e9ro suivi du colis<\/strong>. Pour suivre son parcours, merci d'utiliser l` <em>application de suivi <\/em>du<em> <\/em>courrier <strong><mark style=\"background-color:rgba(0, 0, 0, 0)\" class=\"has-inline-color has-vivid-red-color\">DPD<\/mark><\/strong> ( <mark style=\"background-color:rgba(0, 0, 0, 0)\" class=\"has-inline-color has-vivid-red-color\">https:\/\/tracking.dpd.ro<\/mark> ), selon les informations re\u00e7ues dans l'e-mail de confirmation d'exp\u00e9dition. <\/p>\n\n\n\n<p>L' <strong><mark style=\"background-color:rgba(0, 0, 0, 0)\" class=\"has-inline-color has-vivid-red-color\">DPD<\/mark><\/strong> <strong>d\u00e9lai de livraison<\/strong> se diff\u00e9rencie selon le pays de livraison :<\/p>\n\n\n\n<figure class=\"wp-block-table\"><table><tbody><tr><th>Pays de livraison :<\/th><th>D\u00e9lai de livraison \/ jours ouvrables \u2013 <mark style=\"background-color:rgba(0, 0, 0, 0)\" class=\"has-inline-color has-vivid-red-color\">DPD<\/mark><\/th><\/tr><tr><td>Roumanie <\/td><td>1 jour<\/td><\/tr><tr><td>France<\/td><td>5 jours<\/td><\/tr><tr><td>Belgique<\/td><td>5 jours<\/td><\/tr><tr><td>Luxembourg<\/td><td>5 jours<\/td><\/tr><tr><td>Italie<\/td><td>4 jours<\/td><\/tr><tr><td>Espagne<\/td><td>5 jours<\/td><\/tr><tr><td>Portugal<br>Autriche<br>Hongrie<br>Slovaquie<br>R\u00e9publique Tch\u00e8que<br>Pologne <br>Bulgarie<br>Gr\u00e8ce<br>Danemark                                  <\/td><td>6 jours<br>4 jours<br>2 jours<br>3 jours<br>3 jours<br>3 jours<br>2 jours<br>3 jours<br>5 jours<\/td><\/tr><\/tbody><\/table><\/figure>","protected":false},"excerpt":{"rendered":"<p>Subject to the provisions of Article 5 above regarding the availability of products, unless there are extraordinary circumstances, we will make every effort to complete your order with the product (s), listed in the Order Confirmation by the date specified in the Confirmation or, if the estimated delivery date is not specified, within the estimated [&hellip;]<\/p>","protected":false},"author":1,"featured_media":0,"parent":0,"menu_order":0,"comment_status":"closed","ping_status":"closed","template":"","meta":{"footnotes":""},"class_list":["post-249","page","type-page","status-publish","hentry"],"_links":{"self":[{"href":"https:\/\/boutique.echos-furniture.ro\/fr\/wp-json\/wp\/v2\/pages\/249","targetHints":{"allow":["GET"]}}],"collection":[{"href":"https:\/\/boutique.echos-furniture.ro\/fr\/wp-json\/wp\/v2\/pages"}],"about":[{"href":"https:\/\/boutique.echos-furniture.ro\/fr\/wp-json\/wp\/v2\/types\/page"}],"author":[{"embeddable":true,"href":"https:\/\/boutique.echos-furniture.ro\/fr\/wp-json\/wp\/v2\/users\/1"}],"replies":[{"embeddable":true,"href":"https:\/\/boutique.echos-furniture.ro\/fr\/wp-json\/wp\/v2\/comments?post=249"}],"version-history":[{"count":44,"href":"https:\/\/boutique.echos-furniture.ro\/fr\/wp-json\/wp\/v2\/pages\/249\/revisions"}],"predecessor-version":[{"id":538,"href":"https:\/\/boutique.echos-furniture.ro\/fr\/wp-json\/wp\/v2\/pages\/249\/revisions\/538"}],"wp:attachment":[{"href":"https:\/\/boutique.echos-furniture.ro\/fr\/wp-json\/wp\/v2\/media?parent=249"}],"curies":[{"name":"wp","href":"https:\/\/api.w.org\/{rel}","templated":true}]}}