{"id":253,"date":"2023-06-01T19:52:51","date_gmt":"2023-06-01T16:52:51","guid":{"rendered":"https:\/\/boutique.echos-furniture.ro\/?page_id=253"},"modified":"2023-07-08T21:39:49","modified_gmt":"2023-07-08T18:39:49","slug":"politica-de-retur","status":"publish","type":"page","link":"https:\/\/boutique.echos-furniture.ro\/fr\/politica-de-retur\/","title":{"rendered":"Politique de remboursement et de retour"},"content":{"rendered":"<h1 class=\"wp-block-heading\"><\/h1>\n\n\n\n<p><em><strong>Droit de r\u00e9tractation<\/strong><\/em> :<\/p>\n\n\n\n<p>Le client a le droit de r\u00e9silier le contrat, sans en pr\u00e9ciser les motifs, dans un d\u00e9lai de 14 jours calendaires, selon O.U.G. no. 34\/2014. Le d\u00e9lai de r\u00e9tractation expire au bout de 14 jours, \u00e0 compter du jour o\u00f9 le Client ou un tiers, d\u00e9sign\u00e9 par le Client, autre que le transporteur, prend mat\u00e9riellement possession des produits.<\/p>\n\n\n\n<p>Afin d'exercer son droit de r\u00e9tractation, le Client est tenu de notifier \u00e0 la soci\u00e9t\u00e9 ECHOS Furniture srl son intention de retourner les produits achet\u00e9s, en envoyant un e-mail \u00e0 :<strong> boutique.echos@gmail.com<\/strong>, <em>dans un d\u00e9lai maximum de <strong>14 jours<\/strong> \u00e0 compter de la r\u00e9ception des produits.<\/em><\/p>\n\n\n\n<p><em><strong>Effets du retrait :<\/strong><\/em><\/p>\n\n\n\n<p>Si le Client exerce son droit de r\u00e9tractation, il doit retourner les produits dans le m\u00eame \u00e9tat dans lequel ils ont \u00e9t\u00e9 livr\u00e9s (dans l'emballage d'origine, avec tous les documents qui l'accompagnaient : cartons, \u00e9tiquettes, notices\/autres documents (le cas \u00e9ch\u00e9ant) etc.) , dans un d\u00e9lai maximum de <strong>14 jours<\/strong> \u00e0 compter de la date \u00e0 laquelle le Client a notifi\u00e9 \u00e0 la soci\u00e9t\u00e9 ECHOS Furniture srl son intention de r\u00e9silier le contrat.<\/p>\n\n\n\n<p>Nous restituons la valeur du produit, par Virement Bancaire, dans un d\u00e9lai maximum de 14 jours \u00e0 compter de la date \u00e0 laquelle vous avez communiqu\u00e9 votre d\u00e9cision de vous r\u00e9tracter du pr\u00e9sent Contrat. La valeur des services suppl\u00e9mentaires, pay\u00e9s par le client n'est pas rembours\u00e9e (frais de livraison suppl\u00e9mentaires, d\u00e9termin\u00e9s par le fait qu'un client a choisi un mode de livraison diff\u00e9rent du mode de livraison standard, propos\u00e9 par ECHOS Furniture srl). ECHOS Furniture srl peut diff\u00e9rer le remboursement jusqu'\u00e0 la date de r\u00e9ception des produits. Dans tous les cas, les frais de retour\/r\u00e9exp\u00e9dition seront \u00e0 la charge du client.<\/p>\n\n\n\n<p>Le droit du client d'annuler un contrat s'applique uniquement aux produits retourn\u00e9s dans le m\u00eame \u00e9tat dans lequel ils ont \u00e9t\u00e9 re\u00e7us. Aucun remboursement ne sera effectu\u00e9 si le produit a \u00e9t\u00e9 utilis\u00e9, s'il n'est pas dans le m\u00eame \u00e9tat dans lequel il a \u00e9t\u00e9 livr\u00e9 ou s'il est endommag\u00e9 (pr\u00e9sente des traces d'utilisation, ray\u00e9, fissur\u00e9, pi\u00e8ces manquantes, etc.) , n'est plus soumis au droit de r\u00e9tractation du Client.<\/p>\n\n\n\n<p class=\"has-text-color\" style=\"color:#381801\"><\/p>","protected":false},"excerpt":{"rendered":"<p>Right of withdrawal : The customer has the right to withdraw from the contract, without specifying the reasons, within 14 calendar days, according to O.U.G. nr. 34\/2014. The withdrawal period expires after 14 days, starting from the day on which the Customer or a third party, indicated by the Customer, other than the carrier, takes [&hellip;]<\/p>","protected":false},"author":1,"featured_media":0,"parent":0,"menu_order":0,"comment_status":"closed","ping_status":"closed","template":"","meta":{"footnotes":""},"class_list":["post-253","page","type-page","status-publish","hentry"],"_links":{"self":[{"href":"https:\/\/boutique.echos-furniture.ro\/fr\/wp-json\/wp\/v2\/pages\/253","targetHints":{"allow":["GET"]}}],"collection":[{"href":"https:\/\/boutique.echos-furniture.ro\/fr\/wp-json\/wp\/v2\/pages"}],"about":[{"href":"https:\/\/boutique.echos-furniture.ro\/fr\/wp-json\/wp\/v2\/types\/page"}],"author":[{"embeddable":true,"href":"https:\/\/boutique.echos-furniture.ro\/fr\/wp-json\/wp\/v2\/users\/1"}],"replies":[{"embeddable":true,"href":"https:\/\/boutique.echos-furniture.ro\/fr\/wp-json\/wp\/v2\/comments?post=253"}],"version-history":[{"count":17,"href":"https:\/\/boutique.echos-furniture.ro\/fr\/wp-json\/wp\/v2\/pages\/253\/revisions"}],"predecessor-version":[{"id":535,"href":"https:\/\/boutique.echos-furniture.ro\/fr\/wp-json\/wp\/v2\/pages\/253\/revisions\/535"}],"wp:attachment":[{"href":"https:\/\/boutique.echos-furniture.ro\/fr\/wp-json\/wp\/v2\/media?parent=253"}],"curies":[{"name":"wp","href":"https:\/\/api.w.org\/{rel}","templated":true}]}}