{"id":108,"date":"2023-01-29T14:13:16","date_gmt":"2023-01-29T12:13:16","guid":{"rendered":"https:\/\/boutique.echos-furniture.ro\/?post_type=product&#038;p=108"},"modified":"2024-09-09T03:48:35","modified_gmt":"2024-09-09T00:48:35","slug":"valet-stand-in-wood-grenoble-hazelnut","status":"publish","type":"product","link":"https:\/\/boutique.echos-furniture.ro\/fr\/produs\/valet-stand-in-wood-grenoble-hazelnut\/","title":{"rendered":"Valet de nuit en bois GRENOBLE - noisette"},"content":{"rendered":"<p><em><span style=\"color: #000080;\"><strong><span class=\"Y2IQFc\" lang=\"en\">Ce produit est fabriqu\u00e9 \u00e0 la main en Roumanie, avec beaucoup de soin. (Atelier europ\u00e9en avec plus de 23 ans d'exp\u00e9rience)<\/span><\/strong><\/span><\/em><\/p>\n<p><em>Dimensions :<\/em> <span style=\"color: #00ccbf;\"><strong>H 103 cm<\/strong> x <strong>48 cm<\/strong> (largeur) x <strong>35 cm<\/strong> (profondeur)<\/span><br \/>\n<em>Couleur :<\/em> <strong>noisette<\/strong><br \/>\n<em>Mat\u00e9riel :<\/em> le produit est fabriqu\u00e9 enti\u00e8rement en pin massif.<br \/>\n<em>Poids net :<\/em> 4 kilos.<br \/>\n<span style=\"color: #ff0000;\"><strong>LIVR\u00c9 MONT\u00c9.<\/strong><\/span><\/p>","protected":false},"excerpt":{"rendered":"<p>This product is handmade in Romania, with great care. (European workshop with more than 23 years of experience) Dimensions : H 103 cm x 48 cm (width) x 35 cm (depth) Color : hazelnut Material : the product is made entirely of solid pine. Weight : 4 kg. Delivered ASSEMBLED.<\/p>","protected":false},"featured_media":18,"comment_status":"open","ping_status":"closed","template":"","meta":[],"product_brand":[],"product_cat":[33],"product_tag":[50],"class_list":{"0":"post-108","1":"product","2":"type-product","3":"status-publish","4":"has-post-thumbnail","6":"product_cat-valets","7":"product_tag-valet","9":"first","10":"instock","11":"shipping-taxable","12":"purchasable","13":"product-type-simple"},"_links":{"self":[{"href":"https:\/\/boutique.echos-furniture.ro\/fr\/wp-json\/wp\/v2\/product\/108","targetHints":{"allow":["GET"]}}],"collection":[{"href":"https:\/\/boutique.echos-furniture.ro\/fr\/wp-json\/wp\/v2\/product"}],"about":[{"href":"https:\/\/boutique.echos-furniture.ro\/fr\/wp-json\/wp\/v2\/types\/product"}],"replies":[{"embeddable":true,"href":"https:\/\/boutique.echos-furniture.ro\/fr\/wp-json\/wp\/v2\/comments?post=108"}],"wp:featuredmedia":[{"embeddable":true,"href":"https:\/\/boutique.echos-furniture.ro\/fr\/wp-json\/wp\/v2\/media\/18"}],"wp:attachment":[{"href":"https:\/\/boutique.echos-furniture.ro\/fr\/wp-json\/wp\/v2\/media?parent=108"}],"wp:term":[{"taxonomy":"product_brand","embeddable":true,"href":"https:\/\/boutique.echos-furniture.ro\/fr\/wp-json\/wp\/v2\/product_brand?post=108"},{"taxonomy":"product_cat","embeddable":true,"href":"https:\/\/boutique.echos-furniture.ro\/fr\/wp-json\/wp\/v2\/product_cat?post=108"},{"taxonomy":"product_tag","embeddable":true,"href":"https:\/\/boutique.echos-furniture.ro\/fr\/wp-json\/wp\/v2\/product_tag?post=108"}],"curies":[{"name":"wp","href":"https:\/\/api.w.org\/{rel}","templated":true}]}}