{"id":127,"date":"2023-01-29T15:48:36","date_gmt":"2023-01-29T13:48:36","guid":{"rendered":"https:\/\/boutique.echos-furniture.ro\/?post_type=product&#038;p=127"},"modified":"2024-10-16T22:24:23","modified_gmt":"2024-10-16T19:24:23","slug":"valet-stand-in-wood-la-legende-chestnut","status":"publish","type":"product","link":"https:\/\/boutique.echos-furniture.ro\/fr\/produs\/valet-stand-in-wood-la-legende-chestnut\/","title":{"rendered":"Valet de nuit en bois LA L\u00c9GENDE - ch\u00e2taigne"},"content":{"rendered":"<p><em><span style=\"color: #000080;\"><strong><span class=\"Y2IQFc\" lang=\"en\">Ce produit est fabriqu\u00e9 \u00e0 la main en Roumanie, avec beaucoup de soin. (Atelier europ\u00e9en avec plus de 23 ans d'exp\u00e9rience)<\/span><\/strong><\/span><\/em><\/p>\n<p><em>Dimensions :<\/em> <span style=\"color: #00ccbf;\"><strong>H 110 cm<\/strong> x <strong>48 cm<\/strong> (largeur) x <strong>40 cm<\/strong> (profondeur)<\/span><br \/>\n<em>Couleur :<\/em> <strong>ch\u00e2taigne<\/strong><br \/>\n<em>Mat\u00e9riel :<\/em> le produit est fabriqu\u00e9 enti\u00e8rement en pin massif.<br \/>\n<em>Poids net :<\/em> 5 kilos.\u00a0 \u2663   Le valet est muni de 4 roues, pour faciliter son d\u00e9placement.<br \/>\n<span style=\"color: #ff0000;\"><strong>LIVR\u00c9 MONT\u00c9.<\/strong><\/span><\/p>","protected":false},"excerpt":{"rendered":"<p>This product is handmade in Romania, with great care. (European workshop with more than 23 years of experience) Dimensions : H 110 cm x 48 cm (width) x 40 cm (depth) Color : chestnut Material : the product is made entirely of solid pine. Weight : 5 kg.\u00a0 \u2663\u00a0 The valet is provided with 4 [&hellip;]<\/p>","protected":false},"featured_media":128,"comment_status":"open","ping_status":"closed","template":"","meta":[],"product_brand":[],"product_cat":[33],"product_tag":[50],"class_list":{"0":"post-127","1":"product","2":"type-product","3":"status-publish","4":"has-post-thumbnail","6":"product_cat-valets","7":"product_tag-valet","9":"first","10":"instock","11":"shipping-taxable","12":"purchasable","13":"product-type-simple"},"_links":{"self":[{"href":"https:\/\/boutique.echos-furniture.ro\/fr\/wp-json\/wp\/v2\/product\/127","targetHints":{"allow":["GET"]}}],"collection":[{"href":"https:\/\/boutique.echos-furniture.ro\/fr\/wp-json\/wp\/v2\/product"}],"about":[{"href":"https:\/\/boutique.echos-furniture.ro\/fr\/wp-json\/wp\/v2\/types\/product"}],"replies":[{"embeddable":true,"href":"https:\/\/boutique.echos-furniture.ro\/fr\/wp-json\/wp\/v2\/comments?post=127"}],"wp:featuredmedia":[{"embeddable":true,"href":"https:\/\/boutique.echos-furniture.ro\/fr\/wp-json\/wp\/v2\/media\/128"}],"wp:attachment":[{"href":"https:\/\/boutique.echos-furniture.ro\/fr\/wp-json\/wp\/v2\/media?parent=127"}],"wp:term":[{"taxonomy":"product_brand","embeddable":true,"href":"https:\/\/boutique.echos-furniture.ro\/fr\/wp-json\/wp\/v2\/product_brand?post=127"},{"taxonomy":"product_cat","embeddable":true,"href":"https:\/\/boutique.echos-furniture.ro\/fr\/wp-json\/wp\/v2\/product_cat?post=127"},{"taxonomy":"product_tag","embeddable":true,"href":"https:\/\/boutique.echos-furniture.ro\/fr\/wp-json\/wp\/v2\/product_tag?post=127"}],"curies":[{"name":"wp","href":"https:\/\/api.w.org\/{rel}","templated":true}]}}