{"id":133,"date":"2023-01-29T16:23:43","date_gmt":"2023-01-29T14:23:43","guid":{"rendered":"https:\/\/boutique.echos-furniture.ro\/?post_type=product&#038;p=133"},"modified":"2023-07-09T09:21:46","modified_gmt":"2023-07-09T06:21:46","slug":"annecy-standing-shelf-rack-in-wood-hazelnut-and-white","status":"publish","type":"product","link":"https:\/\/boutique.echos-furniture.ro\/fr\/produs\/annecy-standing-shelf-rack-in-wood-hazelnut-and-white\/","title":{"rendered":"\u00c9tag\u00e8re en bois ANNECY - noisette et blanc"},"content":{"rendered":"<p><em><span style=\"color: #000080;\"><strong><span class=\"Y2IQFc\" lang=\"en\">Ce produit est fabriqu\u00e9 \u00e0 la main en Roumanie, avec beaucoup de soin. (Atelier europ\u00e9en avec plus de 23 ans d'exp\u00e9rience)<\/span><\/strong><\/span><\/em><\/p>\n<ul class=\"a-unordered-list a-vertical a-spacing-mini\">\n<li class=\"a-spacing-mini\"><span class=\"a-list-item\">Cette <strong>\u00e9tag\u00e8re \u00e0 4 niveaux<\/strong> est fabriqu\u00e9e enti\u00e8rement en pin massif.<\/span><\/li>\n<li>Dimensions : <span style=\"color: #33cccc;\"><strong>Hauteur = 120 cm<\/strong> \/ <strong>Largeur = 42 cm<\/strong> \/ <strong>Profondeur = 31,5 cm<\/strong><\/span><\/li>\n<li><span class=\"a-list-item\">L`\u00e9paisseur de la structure (<strong>lattes blanches<\/strong>) : <span style=\"color: #0000ff;\"><strong>4 cm<\/strong> x <strong>2 cm<\/strong><\/span>.<\/span><\/li>\n<li>La distance <strong>entre les niveaux<\/strong> : <strong>approx. 34 cm<\/strong><\/li>\n<li>La couleur de la <strong>structure<\/strong> : <strong><em>blanc<\/em> \/ <\/strong>La nuance des <strong><span class=\"a-list-item\">\u00e9tag\u00e8res en pin massif <\/span><\/strong><span class=\"a-list-item\">: <\/span><em><strong><span class=\"a-list-item\">noisette<\/span><\/strong><\/em><\/li>\n<li>Poids net : 10 kg<\/li>\n<li class=\"a-spacing-mini\">Utilisation : d\u00e9coration et rangement<\/li>\n<li><span style=\"color: #ff0000;\"><strong>LIVR\u00c9E MONT\u00c9E<\/strong><\/span>.<\/li>\n<\/ul>","protected":false},"excerpt":{"rendered":"<p>This product is handmade in Romania, with great care. (European workshop with more than 23 years of experience) This 4-tier shelf is made entirely of solid pine. Dimensions : High = 120 cm \/ Width = 42 cm \/ Depth = 31,5 cm The thickness of the structure (white planks) : 4 cm x 2 [&hellip;]<\/p>","protected":false},"featured_media":134,"comment_status":"open","ping_status":"closed","template":"","meta":[],"product_brand":[],"product_cat":[42],"product_tag":[53],"class_list":{"0":"post-133","1":"product","2":"type-product","3":"status-publish","4":"has-post-thumbnail","6":"product_cat-standing-shelves","7":"product_tag-standing-shelf","9":"first","10":"instock","11":"shipping-taxable","12":"purchasable","13":"product-type-simple"},"_links":{"self":[{"href":"https:\/\/boutique.echos-furniture.ro\/fr\/wp-json\/wp\/v2\/product\/133","targetHints":{"allow":["GET"]}}],"collection":[{"href":"https:\/\/boutique.echos-furniture.ro\/fr\/wp-json\/wp\/v2\/product"}],"about":[{"href":"https:\/\/boutique.echos-furniture.ro\/fr\/wp-json\/wp\/v2\/types\/product"}],"replies":[{"embeddable":true,"href":"https:\/\/boutique.echos-furniture.ro\/fr\/wp-json\/wp\/v2\/comments?post=133"}],"wp:featuredmedia":[{"embeddable":true,"href":"https:\/\/boutique.echos-furniture.ro\/fr\/wp-json\/wp\/v2\/media\/134"}],"wp:attachment":[{"href":"https:\/\/boutique.echos-furniture.ro\/fr\/wp-json\/wp\/v2\/media?parent=133"}],"wp:term":[{"taxonomy":"product_brand","embeddable":true,"href":"https:\/\/boutique.echos-furniture.ro\/fr\/wp-json\/wp\/v2\/product_brand?post=133"},{"taxonomy":"product_cat","embeddable":true,"href":"https:\/\/boutique.echos-furniture.ro\/fr\/wp-json\/wp\/v2\/product_cat?post=133"},{"taxonomy":"product_tag","embeddable":true,"href":"https:\/\/boutique.echos-furniture.ro\/fr\/wp-json\/wp\/v2\/product_tag?post=133"}],"curies":[{"name":"wp","href":"https:\/\/api.w.org\/{rel}","templated":true}]}}