{"id":145,"date":"2023-01-29T20:07:35","date_gmt":"2023-01-29T18:07:35","guid":{"rendered":"https:\/\/boutique.echos-furniture.ro\/?post_type=product&#038;p=145"},"modified":"2023-07-09T09:50:14","modified_gmt":"2023-07-09T06:50:14","slug":"deckchair-chaise-longue-in-wood-martinique-structure-chestnut-cotton-canvas-orange-and-white","status":"publish","type":"product","link":"https:\/\/boutique.echos-furniture.ro\/fr\/produs\/deckchair-chaise-longue-in-wood-martinique-structure-chestnut-cotton-canvas-orange-and-white\/","title":{"rendered":"Transat, Chaise longue, Chilienne en bois MARTINIQUE - cadre ch\u00e2taigne - toile de coton orange et blanc"},"content":{"rendered":"<p><em><span style=\"color: #000080;\"><strong><span class=\"Y2IQFc\" lang=\"en\">Ce produit est fabriqu\u00e9 \u00e0 la main en Roumanie, avec beaucoup de soin. (Atelier europ\u00e9en avec plus de 23 ans d'exp\u00e9rience)<\/span><\/strong><\/span><\/em><\/p>\n<ul class=\"a-unordered-list a-vertical a-spacing-mini\">\n<li class=\"a-spacing-mini\"><span class=\"a-list-item\">La structure est fabriqu\u00e9e enti\u00e8rement en pin massif.<\/span><\/li>\n<li class=\"a-spacing-mini\"><span class=\"a-list-item\">L`\u00e9paisseur de la structure : <span style=\"color: #0000ff;\"><strong>6 cm<\/strong> x <strong>2,5 cm<\/strong><\/span>.<\/span><\/li>\n<li class=\"a-spacing-mini\"><span class=\"a-list-item\">Le tissu textile est en <span style=\"color: #ff0000;\"><strong>COTON<\/strong><\/span> (densit\u00e9 : env. 300 gr.\/m\u00e8tre carr\u00e9)<\/span><\/li>\n<li>Les fils du tissu textile sont d'abord teints, puis tiss\u00e9s dans la toile, ce qui conf\u00e8re <span style=\"color: #ff0000;\"><strong>une durabilit\u00e9 accrue<\/strong><\/span> aux couleurs du tissu.<\/li>\n<li>Le tissu textile est <strong>d\u00e9tachable<\/strong> (il peut \u00eatre facilement retir\u00e9 du cadre)<\/li>\n<li class=\"a-spacing-mini\"><span class=\"a-list-item\">Le transat dispose \u00e9galement d'un appui-t\u00eate relaxant en polyur\u00e9thane <strong>,<\/strong>habill\u00e9 d'une <strong>housse d\u00e9tachable<\/strong>, pour permettre le lavage, pour plus de confort.<\/span><\/li>\n<li class=\"a-spacing-mini\"><span class=\"a-list-item\">Le transat est r\u00e9glable \u00e0<strong> 4 niveaux d`hauteur<\/strong>.<\/span><\/li>\n<li>\u00a0Dimensions : longueur totale pli\u00e9 = 138 cm \/ <strong>utile<\/strong> largeur = 56,5 cm \/ <strong>totale<\/strong> largeur = 71 cm<\/li>\n<li>Couleur de la structure : <strong>ch\u00e2taigne<\/strong> \/ Mod\u00e8le et couleur de la toile : lignes longitudinales, <strong>orange<\/strong>\u00a0et <strong>blanc<\/strong>.<\/li>\n<\/ul>","protected":false},"excerpt":{"rendered":"<p>This product is handmade in Romania, with great care. (European workshop with more than 23 years of experience) The structure is made entirely of solid pine. The thickness of the structure : 6 cm x 2,5 cm. The textile fabric is in COTTON (density : approx. 300 gr.\/square meter) The threads of the textile fabric [&hellip;]<\/p>","protected":false},"featured_media":146,"comment_status":"open","ping_status":"closed","template":"","meta":[],"product_brand":[],"product_cat":[36],"product_tag":[51],"class_list":{"0":"post-145","1":"product","2":"type-product","3":"status-publish","4":"has-post-thumbnail","6":"product_cat-deckchairs","7":"product_tag-deckchair","9":"first","10":"instock","11":"shipping-taxable","12":"purchasable","13":"product-type-simple"},"_links":{"self":[{"href":"https:\/\/boutique.echos-furniture.ro\/fr\/wp-json\/wp\/v2\/product\/145","targetHints":{"allow":["GET"]}}],"collection":[{"href":"https:\/\/boutique.echos-furniture.ro\/fr\/wp-json\/wp\/v2\/product"}],"about":[{"href":"https:\/\/boutique.echos-furniture.ro\/fr\/wp-json\/wp\/v2\/types\/product"}],"replies":[{"embeddable":true,"href":"https:\/\/boutique.echos-furniture.ro\/fr\/wp-json\/wp\/v2\/comments?post=145"}],"wp:featuredmedia":[{"embeddable":true,"href":"https:\/\/boutique.echos-furniture.ro\/fr\/wp-json\/wp\/v2\/media\/146"}],"wp:attachment":[{"href":"https:\/\/boutique.echos-furniture.ro\/fr\/wp-json\/wp\/v2\/media?parent=145"}],"wp:term":[{"taxonomy":"product_brand","embeddable":true,"href":"https:\/\/boutique.echos-furniture.ro\/fr\/wp-json\/wp\/v2\/product_brand?post=145"},{"taxonomy":"product_cat","embeddable":true,"href":"https:\/\/boutique.echos-furniture.ro\/fr\/wp-json\/wp\/v2\/product_cat?post=145"},{"taxonomy":"product_tag","embeddable":true,"href":"https:\/\/boutique.echos-furniture.ro\/fr\/wp-json\/wp\/v2\/product_tag?post=145"}],"curies":[{"name":"wp","href":"https:\/\/api.w.org\/{rel}","templated":true}]}}