{"id":149,"date":"2023-01-29T20:34:32","date_gmt":"2023-01-29T18:34:32","guid":{"rendered":"https:\/\/boutique.echos-furniture.ro\/?post_type=product&#038;p=149"},"modified":"2023-07-09T09:24:33","modified_gmt":"2023-07-09T06:24:33","slug":"pratique-stool-in-wood-white","status":"publish","type":"product","link":"https:\/\/boutique.echos-furniture.ro\/fr\/produs\/pratique-stool-in-wood-white\/","title":{"rendered":"Tabouret PRATIQUE, en bois - blanc"},"content":{"rendered":"<p><em><span style=\"color: #000080;\"><strong><span class=\"Y2IQFc\" lang=\"en\">Ce produit est fabriqu\u00e9 \u00e0 la main en Roumanie, avec beaucoup de soin. (Atelier europ\u00e9en avec plus de 23 ans d'exp\u00e9rience)<\/span><\/strong><\/span><\/em><\/p>\n<ul class=\"a-unordered-list a-vertical a-spacing-mini\">\n<li class=\"a-spacing-mini\"><span class=\"a-list-item\">La structure est fabriqu\u00e9e enti\u00e8rement en pin massif.<\/span><\/li>\n<li class=\"a-spacing-mini\"><span style=\"color: #33cccc;\"><strong>La hauteur du tabouret <\/strong>:<strong> 33 <\/strong>cm<\/span><\/li>\n<li><span style=\"color: #33cccc;\"><strong>Les dimensions<\/strong>\u00a0de l`assise :<strong> 41 <\/strong>cm (largeur) x<strong> 23 <\/strong>cm (profondeur)<\/span><\/li>\n<li><span class=\"a-list-item\">L`\u00e9paisseur de la structure : <span style=\"color: #3366ff;\"><strong>2 cm<\/strong><\/span><\/span><\/li>\n<li class=\"a-spacing-mini\">Couleur : blanc<\/li>\n<li>Poids net : 3 kg<\/li>\n<li><span style=\"color: #ff0000;\"><strong>LIVR\u00c9 MONT\u00c9<\/strong>.<\/span><\/li>\n<\/ul>\n<p>&nbsp;<\/p>","protected":false},"excerpt":{"rendered":"<p>This product is handmade in Romania, with great care. (European workshop with more than 23 years of experience) The structure is made entirely of solid pine. Stool height : 33 cm Seat\u00a0dimensions : 41 cm (width) x 23 cm (depth) The thickness of the structure : 2 cm Color : white Net weight : 3 [&hellip;]<\/p>","protected":false},"featured_media":150,"comment_status":"open","ping_status":"closed","template":"","meta":[],"product_brand":[],"product_cat":[39],"product_tag":[56],"class_list":{"0":"post-149","1":"product","2":"type-product","3":"status-publish","4":"has-post-thumbnail","6":"product_cat-stools","7":"product_tag-stool","9":"first","10":"instock","11":"shipping-taxable","12":"purchasable","13":"product-type-simple"},"_links":{"self":[{"href":"https:\/\/boutique.echos-furniture.ro\/fr\/wp-json\/wp\/v2\/product\/149","targetHints":{"allow":["GET"]}}],"collection":[{"href":"https:\/\/boutique.echos-furniture.ro\/fr\/wp-json\/wp\/v2\/product"}],"about":[{"href":"https:\/\/boutique.echos-furniture.ro\/fr\/wp-json\/wp\/v2\/types\/product"}],"replies":[{"embeddable":true,"href":"https:\/\/boutique.echos-furniture.ro\/fr\/wp-json\/wp\/v2\/comments?post=149"}],"wp:featuredmedia":[{"embeddable":true,"href":"https:\/\/boutique.echos-furniture.ro\/fr\/wp-json\/wp\/v2\/media\/150"}],"wp:attachment":[{"href":"https:\/\/boutique.echos-furniture.ro\/fr\/wp-json\/wp\/v2\/media?parent=149"}],"wp:term":[{"taxonomy":"product_brand","embeddable":true,"href":"https:\/\/boutique.echos-furniture.ro\/fr\/wp-json\/wp\/v2\/product_brand?post=149"},{"taxonomy":"product_cat","embeddable":true,"href":"https:\/\/boutique.echos-furniture.ro\/fr\/wp-json\/wp\/v2\/product_cat?post=149"},{"taxonomy":"product_tag","embeddable":true,"href":"https:\/\/boutique.echos-furniture.ro\/fr\/wp-json\/wp\/v2\/product_tag?post=149"}],"curies":[{"name":"wp","href":"https:\/\/api.w.org\/{rel}","templated":true}]}}