{"id":177,"date":"2023-03-28T19:17:25","date_gmt":"2023-03-28T16:17:25","guid":{"rendered":"https:\/\/boutique.echos-furniture.ro\/?post_type=product&#038;p=177"},"modified":"2023-07-17T20:56:30","modified_gmt":"2023-07-17T17:56:30","slug":"clothes-airer-echelle-18-in-wood-h-145-x-76-x-90-cm-blue","status":"publish","type":"product","link":"https:\/\/boutique.echos-furniture.ro\/fr\/produs\/clothes-airer-echelle-18-in-wood-h-145-x-76-x-90-cm-blue\/","title":{"rendered":"S\u00e9choir \u00e0 linge ECHELLE 18 en bois, H 145 x 76 x 90 cm \u2013 bleu"},"content":{"rendered":"<p><em><span style=\"color: #000080;\"><strong><span class=\"Y2IQFc\" lang=\"en\">Ce produit est fabriqu\u00e9 \u00e0 la main en Roumanie, avec beaucoup de soin. (Atelier europ\u00e9en avec plus de 23 ans d'exp\u00e9rience)<\/span><\/strong><\/span><\/em><\/p>\n<ul class=\"a-unordered-list a-vertical a-spacing-mini\">\n<li class=\"a-spacing-mini\"><span class=\"a-list-item\" style=\"color: #3b94ab;\">La structure est fabriqu\u00e9e enti\u00e8rement en pin massif.<\/span><\/li>\n<li class=\"a-spacing-mini\"><span class=\"a-list-item\" style=\"color: #3b94ab;\"><span class=\"a-list-item\" style=\"color: #3b94ab;\">L`\u00e9paisseur de la structure : 3,7 cm x 2,3 cm. (cadres bleus)<br \/>\n<\/span><\/span><\/li>\n<li><span style=\"color: #3b94ab;\">Dimensions : Hauteur 145 cm \/ Largeur 76 cm \/ Profondeur 90 cm (voir photo 2)<\/span><\/li>\n<li><span style=\"color: #3b94ab;\">Selon la distance entre les deux panneaux, la Hauteur du s\u00e9choir peut \u00eatre r\u00e9gl\u00e9e entre 143 et 148 cm et sa Profondeur entre 37 et 93 cm.<\/span><\/li>\n<li><span style=\"color: #3b94ab;\">Largeur totale du s\u00e9choir \u00e0 linge (y compris les cadres bleus) : 64,5 cm \/ Largeur utile (zone de s\u00e9chage) : 60 cm.<\/span><\/li>\n<li><span style=\"color: #3b94ab;\">Le s\u00e9choir \u00e0 linge a 18 barres (blanches) + 1 derni\u00e8re barre (bleue). En cons\u00e9quence, sa capacit\u00e9 de s\u00e9chage est de 11,4 m\u00e8tres lin\u00e9aires.<\/span><\/li>\n<li><span style=\"color: #3b94ab;\">Diam\u00e8tre des barres blanches : 1,5 cm.<\/span><\/li>\n<li><span style=\"color: #3b94ab;\">Distance entre les barres blanches : 10 cm.<\/span><\/li>\n<li><span style=\"color: #3b94ab;\">L' <span class=\"a-list-item\" style=\"color: #3b94ab;\">\u00e9paisseur des cadres bleus : 3,7 cm x 2,3 cm.<\/span><\/span><\/li>\n<li><span style=\"color: #3b94ab;\">Couleur de la structure : bleu <em><span class=\"Apple-converted-space\">\u2666 <\/span><\/em><span class=\"Apple-converted-space\">Poids net : 3 kg.<\/span><\/span><\/li>\n<li><span style=\"color: #3b94ab;\">En position \"mont\u00e9 \", le s\u00e9choir \u00e0 linge comporte, dans sa partie sup\u00e9rieure, deux cales en bois, qui bloquent le coulissement de la barre finale sup\u00e9rieure (bleue). Pour le d\u00e9monter, pour le ranger, retirez la cale en bois et retirez finalement la derni\u00e8re barre (bleue), en la faisant coulisser. (VOIR photo 4 et photo 5)<\/span><\/li>\n<\/ul>","protected":false},"excerpt":{"rendered":"<p>This product is handmade in Romania, with great care. (European workshop with more than 23 years of experience) The structure is made entirely of solid pine. The thickness of the structure : 3,7 cm x 2,3 cm. (blue frames) Dimensions : Height 145 cm \/ Width 76\u00a0cm \/ Depth 90 cm (see photo 2) Depending [&hellip;]<\/p>","protected":false},"featured_media":178,"comment_status":"open","ping_status":"closed","template":"","meta":[],"product_brand":[],"product_cat":[43],"product_tag":[58],"class_list":{"0":"post-177","1":"product","2":"type-product","3":"status-publish","4":"has-post-thumbnail","6":"product_cat-clothes-airer","7":"product_tag-clothes-airer","9":"first","10":"instock","11":"shipping-taxable","12":"purchasable","13":"product-type-simple"},"_links":{"self":[{"href":"https:\/\/boutique.echos-furniture.ro\/fr\/wp-json\/wp\/v2\/product\/177","targetHints":{"allow":["GET"]}}],"collection":[{"href":"https:\/\/boutique.echos-furniture.ro\/fr\/wp-json\/wp\/v2\/product"}],"about":[{"href":"https:\/\/boutique.echos-furniture.ro\/fr\/wp-json\/wp\/v2\/types\/product"}],"replies":[{"embeddable":true,"href":"https:\/\/boutique.echos-furniture.ro\/fr\/wp-json\/wp\/v2\/comments?post=177"}],"wp:featuredmedia":[{"embeddable":true,"href":"https:\/\/boutique.echos-furniture.ro\/fr\/wp-json\/wp\/v2\/media\/178"}],"wp:attachment":[{"href":"https:\/\/boutique.echos-furniture.ro\/fr\/wp-json\/wp\/v2\/media?parent=177"}],"wp:term":[{"taxonomy":"product_brand","embeddable":true,"href":"https:\/\/boutique.echos-furniture.ro\/fr\/wp-json\/wp\/v2\/product_brand?post=177"},{"taxonomy":"product_cat","embeddable":true,"href":"https:\/\/boutique.echos-furniture.ro\/fr\/wp-json\/wp\/v2\/product_cat?post=177"},{"taxonomy":"product_tag","embeddable":true,"href":"https:\/\/boutique.echos-furniture.ro\/fr\/wp-json\/wp\/v2\/product_tag?post=177"}],"curies":[{"name":"wp","href":"https:\/\/api.w.org\/{rel}","templated":true}]}}