{"id":284,"date":"2023-06-11T09:10:12","date_gmt":"2023-06-11T06:10:12","guid":{"rendered":"https:\/\/boutique.echos-furniture.ro\/?post_type=product&#038;p=284"},"modified":"2023-07-17T14:48:11","modified_gmt":"2023-07-17T11:48:11","slug":"pet-teepee-tent-for-cats-and-small-dogs-h95-cm-tall-apache-beige","status":"publish","type":"product","link":"https:\/\/boutique.echos-furniture.ro\/fr\/produs\/pet-teepee-tent-for-cats-and-small-dogs-h95-cm-tall-apache-beige\/","title":{"rendered":"Tipi Tente pour animaux de compagnie, chats et petits chiens H95 cm Hauteur, APACHE - beige"},"content":{"rendered":"<p><em><span style=\"color: #000080;\"><strong><span class=\"Y2IQFc\" lang=\"en\">Ce produit est fabriqu\u00e9 \u00e0 la main en Roumanie, avec beaucoup de soin. (Atelier europ\u00e9en avec plus de 23 ans d'exp\u00e9rience)<\/span><\/strong><\/span><\/em><\/p>\n<ul class=\"a-unordered-list a-vertical a-spacing-mini\">\n<li class=\"a-spacing-mini\"><span class=\"a-list-item\" style=\"color: #3b94ab;\">La structure est fabriqu\u00e9e enti\u00e8rement en pin massif.<\/span><\/li>\n<li class=\"a-spacing-mini\"><span class=\"a-list-item\" style=\"color: #3b94ab;\">L`\u00e9paisseur de la structure : <strong>3 cm <\/strong>x<strong> 3 cm<\/strong>.<\/span><\/li>\n<li><span style=\"color: #3b94ab;\">Dimensions : <em><strong>hauteur 95 cm <\/strong><\/em>\/ <strong><em>empreinte au sol 64 <\/em><\/strong><em>x<\/em><strong><em> 64 cm<\/em><\/strong> \/ <strong><em>surface utilisable 51 <\/em><\/strong><em>x<\/em><strong><em> 49 cm <\/em><\/strong>(voir photo 4)<\/span><\/li>\n<li><span class=\"a-list-item\" style=\"color: #3b94ab;\"><span class=\"a-list-item\" style=\"color: #3b94ab;\">Le tissu textile est en <span style=\"color: #ff0000;\"><strong>COTON 100%<\/strong><\/span> (densit\u00e9 : env. 300 gr.\/m\u00e8tre carr\u00e9)<\/span><\/span><\/li>\n<li><span style=\"color: #3b94ab;\">Les fils du tissu textile sont d'abord teints, puis tiss\u00e9s dans la toile, ce qui conf\u00e8re <strong><span style=\"color: #ff0000;\">une durabilit\u00e9 accrue<\/span><\/strong> aux couleurs du tissu.<\/span><\/li>\n<li><span style=\"color: #3b94ab;\">Le tissu textile est d\u00e9tachable (il peut \u00eatre facilement retir\u00e9 du cadre)<\/span><\/li>\n<li><span style=\"color: #3b94ab;\">Couleur de la structure : <strong>blanc<\/strong> \/ Mod\u00e8le et couleur de la toile : de petits carreaux, <strong>beige<\/strong> et <strong>blanc<\/strong>.<\/span><\/li>\n<li><span style=\"color: #3b94ab;\">Polyvalent : avec son design en tissu moderne et esth\u00e9tique, cette tente offre un lieu de repos s\u00fbr et confortable pour votre animal de compagnie, tout en servant \u00e9galement de d\u00e9coration pour votre maison. <em><span class=\"Apple-converted-space\">\u2666<\/span><\/em><em><span class=\"Apple-converted-space\">\u00a0<\/span><\/em><\/span><\/li>\n<\/ul>","protected":false},"excerpt":{"rendered":"<p>This product is handmade in Romania, with great care. (European workshop with more than 23 years of experience) The structure is made entirely of solid pine. The thickness of the structure : 3 cm x 3 cm. Dimensions : height 95 cm \/ footprint 64 x 64 cm \/ usable area 51 x 49 cm [&hellip;]<\/p>","protected":false},"featured_media":295,"comment_status":"open","ping_status":"closed","template":"","meta":[],"product_brand":[],"product_cat":[46],"product_tag":[57],"class_list":{"0":"post-284","1":"product","2":"type-product","3":"status-publish","4":"has-post-thumbnail","6":"product_cat-pet-shop","7":"product_tag-pet-teepee-tent-bed","9":"first","10":"instock","11":"shipping-taxable","12":"purchasable","13":"product-type-simple"},"_links":{"self":[{"href":"https:\/\/boutique.echos-furniture.ro\/fr\/wp-json\/wp\/v2\/product\/284","targetHints":{"allow":["GET"]}}],"collection":[{"href":"https:\/\/boutique.echos-furniture.ro\/fr\/wp-json\/wp\/v2\/product"}],"about":[{"href":"https:\/\/boutique.echos-furniture.ro\/fr\/wp-json\/wp\/v2\/types\/product"}],"replies":[{"embeddable":true,"href":"https:\/\/boutique.echos-furniture.ro\/fr\/wp-json\/wp\/v2\/comments?post=284"}],"wp:featuredmedia":[{"embeddable":true,"href":"https:\/\/boutique.echos-furniture.ro\/fr\/wp-json\/wp\/v2\/media\/295"}],"wp:attachment":[{"href":"https:\/\/boutique.echos-furniture.ro\/fr\/wp-json\/wp\/v2\/media?parent=284"}],"wp:term":[{"taxonomy":"product_brand","embeddable":true,"href":"https:\/\/boutique.echos-furniture.ro\/fr\/wp-json\/wp\/v2\/product_brand?post=284"},{"taxonomy":"product_cat","embeddable":true,"href":"https:\/\/boutique.echos-furniture.ro\/fr\/wp-json\/wp\/v2\/product_cat?post=284"},{"taxonomy":"product_tag","embeddable":true,"href":"https:\/\/boutique.echos-furniture.ro\/fr\/wp-json\/wp\/v2\/product_tag?post=284"}],"curies":[{"name":"wp","href":"https:\/\/api.w.org\/{rel}","templated":true}]}}