{"id":301,"date":"2023-06-11T17:25:23","date_gmt":"2023-06-11T14:25:23","guid":{"rendered":"https:\/\/boutique.echos-furniture.ro\/?post_type=product&#038;p=301"},"modified":"2023-07-09T09:39:28","modified_gmt":"2023-07-09T06:39:28","slug":"ironing-board-in-wood-echos","status":"publish","type":"product","link":"https:\/\/boutique.echos-furniture.ro\/fr\/produs\/ironing-board-in-wood-echos\/","title":{"rendered":"Table \u00e0 repasser, en bois - ECHOS"},"content":{"rendered":"<p><em><span style=\"color: #000080;\"><strong><span class=\"Y2IQFc\" lang=\"en\">Ce produit est fabriqu\u00e9 \u00e0 la main en Roumanie, avec beaucoup de soin. (Atelier europ\u00e9en avec plus de 23 ans d'exp\u00e9rience)<\/span><\/strong><\/span><\/em><\/p>\n<ul class=\"a-unordered-list a-vertical a-spacing-mini\">\n<li class=\"a-spacing-mini\"><span class=\"a-list-item\">La structure est fabriqu\u00e9e enti\u00e8rement en pin massif.<\/span><\/li>\n<li>L' <strong>plateau<\/strong> et les <strong>pieds<\/strong> de la table \u00e0 repasser sont fabriqu\u00e9s enti\u00e8rement en pin massif.<\/li>\n<li>Le plateau de la table \u00e0 repasser est<strong> renforc\u00e9 par 6 traverses<\/strong>, contre la d\u00e9formation.<\/li>\n<li><span class=\"a-list-item\">L`\u00e9paisseur du <em><strong>plateau de la table \u00e0 repasser<\/strong><\/em> : <span style=\"color: #3366ff;\"><strong>2 cm<\/strong><\/span><\/span><\/li>\n<li><span class=\"a-list-item\">L`\u00e9paisseur du <em><strong>pieds<\/strong><\/em> : <span style=\"color: #3366ff;\"><strong>3,9 cm <\/strong>x<strong> 2,4 cm<\/strong><\/span><\/span><\/li>\n<li>La couleur des pieds : <strong>ch\u00e2taigne<\/strong><\/li>\n<li><span class=\"a-list-item\">Le tissu textile de la housse est fabriqu\u00e9 en <span style=\"color: #ff0000;\"><strong>COTON<\/strong><\/span>.(diff\u00e9rents motifs d'impressions)<\/span><\/li>\n<li>La housse est<strong> d\u00e9tachable.<\/strong><\/li>\n<li>La housse est munie d'une <strong><span style=\"color: #ff6600;\">feuille de mousse de polyur\u00e9thane de 10 mm<\/span>.<\/strong><\/li>\n<li>Les dimensions du plateau de la table \u00e0 repasser : <span style=\"color: #ff0000;\"><strong>120 cm de longueur <\/strong>x<strong> 37 cm de largeur<\/strong><\/span><\/li>\n<li>La table \u00e0 repasser est <strong>ajustable<\/strong> \u00e0 3 niveaux de hauteur - <span style=\"color: #9c0000;\"><strong>H1=80 cm <\/strong>\/<strong> H2=85 cm <\/strong>\/<strong> H3=90 cm<\/strong><\/span><\/li>\n<li>Poids net : <strong>7 kg<\/strong><\/li>\n<li>La table \u00e0 repasser n'a pas de support pour le fer \u00e0 repasser.<\/li>\n<\/ul>\n<p>&nbsp;<\/p>","protected":false},"excerpt":{"rendered":"<p>This product is handmade in Romania, with great care. (European workshop with more than 23 years of experience) The structure is made entirely of solid pine. The top and the legs of the ironing board are made entirely of solid pine. The ironing board top is reinforced with 6 crossbeams, against deformation. The thickness of [&hellip;]<\/p>","protected":false},"featured_media":302,"comment_status":"open","ping_status":"closed","template":"","meta":[],"product_brand":[],"product_cat":[34],"product_tag":[54],"class_list":{"0":"post-301","1":"product","2":"type-product","3":"status-publish","4":"has-post-thumbnail","6":"product_cat-ironing-board","7":"product_tag-ironing-board","9":"first","10":"instock","11":"shipping-taxable","12":"purchasable","13":"product-type-simple"},"_links":{"self":[{"href":"https:\/\/boutique.echos-furniture.ro\/fr\/wp-json\/wp\/v2\/product\/301","targetHints":{"allow":["GET"]}}],"collection":[{"href":"https:\/\/boutique.echos-furniture.ro\/fr\/wp-json\/wp\/v2\/product"}],"about":[{"href":"https:\/\/boutique.echos-furniture.ro\/fr\/wp-json\/wp\/v2\/types\/product"}],"replies":[{"embeddable":true,"href":"https:\/\/boutique.echos-furniture.ro\/fr\/wp-json\/wp\/v2\/comments?post=301"}],"wp:featuredmedia":[{"embeddable":true,"href":"https:\/\/boutique.echos-furniture.ro\/fr\/wp-json\/wp\/v2\/media\/302"}],"wp:attachment":[{"href":"https:\/\/boutique.echos-furniture.ro\/fr\/wp-json\/wp\/v2\/media?parent=301"}],"wp:term":[{"taxonomy":"product_brand","embeddable":true,"href":"https:\/\/boutique.echos-furniture.ro\/fr\/wp-json\/wp\/v2\/product_brand?post=301"},{"taxonomy":"product_cat","embeddable":true,"href":"https:\/\/boutique.echos-furniture.ro\/fr\/wp-json\/wp\/v2\/product_cat?post=301"},{"taxonomy":"product_tag","embeddable":true,"href":"https:\/\/boutique.echos-furniture.ro\/fr\/wp-json\/wp\/v2\/product_tag?post=301"}],"curies":[{"name":"wp","href":"https:\/\/api.w.org\/{rel}","templated":true}]}}