{"id":337,"date":"2023-06-13T11:56:41","date_gmt":"2023-06-13T08:56:41","guid":{"rendered":"https:\/\/boutique.echos-furniture.ro\/?post_type=product&#038;p=337"},"modified":"2023-07-18T12:00:41","modified_gmt":"2023-07-18T09:00:41","slug":"adjustable-backrest-in-wood-nice-red-frame-canvas-beige-white","status":"publish","type":"product","link":"https:\/\/boutique.echos-furniture.ro\/fr\/produs\/adjustable-backrest-in-wood-nice-red-frame-canvas-beige-white\/","title":{"rendered":"Rel\u00e8ve-buste, Appui-dos, R\u00e9pose-dos, Dossier de repos ajustable NICE - cadre rouge, toile beige-blanc"},"content":{"rendered":"<p><em><span style=\"color: #000080;\"><strong><span class=\"Y2IQFc\" lang=\"en\">Ce produit est fabriqu\u00e9 \u00e0 la main en Roumanie, avec beaucoup de soin. (Atelier europ\u00e9en avec plus de 23 ans d'exp\u00e9rience)<\/span><\/strong><\/span><\/em><\/p>\n<ul class=\"a-unordered-list a-vertical a-spacing-mini\">\n<li class=\"a-spacing-mini\"><span class=\"a-list-item\">La structure est fabriqu\u00e9e enti\u00e8rement en pin massif.<\/span><\/li>\n<li class=\"a-spacing-mini\"><span class=\"a-list-item\">L`\u00e9paisseur de la structure : <span style=\"color: #0000ff;\"><strong>4,5 cm<\/strong> x <strong>2 cm<\/strong><\/span>.<\/span><\/li>\n<li class=\"a-spacing-mini\"><span class=\"a-list-item\">Le tissu textile est en <span style=\"color: #ff0000;\"><strong>COTON 100%<\/strong><\/span> (densit\u00e9 : env. 300 gr.\/m\u00e8tre carr\u00e9) - <span style=\"color: #ff0000;\">RAFRA\u00ceCHISSANT<\/span><\/span><\/li>\n<li>Les fils du tissu textile sont d'abord teints, puis tiss\u00e9s dans la toile, ce qui conf\u00e8re <span style=\"color: #ff0000;\"><strong>une durabilit\u00e9 accrue<\/strong><\/span> aux couleurs du tissu.<\/li>\n<li>Le tissu textile est <strong>d\u00e9tachable<\/strong> (il peut \u00eatre facilement retir\u00e9 du cadre)<\/li>\n<li class=\"a-spacing-mini\"><span class=\"a-list-item\">Le dossier dispose \u00e9galement d'un appui-t\u00eate relaxant en polyur\u00e9thane <strong>,<\/strong>habill\u00e9 d'une <strong>housse d\u00e9tachable<\/strong>, pour permettre le lavage, pour plus de confort.<\/span><\/li>\n<li class=\"a-spacing-mini\"><span class=\"a-list-item\"><span class=\"a-list-item\">Le dossier est r\u00e9glable \u00e0<strong> 3 niveaux d`hauteur<\/strong>. (l'angle d'inclinaison peut \u00eatre ajust\u00e9 pour r\u00e9pondre aux besoins de diff\u00e9rentes personnes)<br \/>\n<\/span><\/span><\/li>\n<li>Dimensions :\u00a0 <span style=\"color: #003366;\"><strong>hauteur <\/strong>=<strong> 63,5 cm<\/strong> \/ <strong>largeur <\/strong>=<strong> 60,5 cm<\/strong> \/ <strong>profondeur <\/strong>=<strong> 56 cm<\/strong><\/span><\/li>\n<li>Dimensions pli\u00e9 (<em>pour transport<\/em>) : <strong>70,5 cm <\/strong>x<strong> 68,5 cm <\/strong>x<strong> 5 cm<\/strong><\/li>\n<li>Couleur de la structure : <strong>rouge<\/strong> \/ Mod\u00e8le et couleur de la toile : de petits carreaux, <strong>beige<\/strong>\u00a0et <strong><strong>blanc<\/strong><\/strong>. USAGES MULTIPLES : pour quand vous \u00eates en vacances ou quand vous voyagez \u00e0 la montagne, sur les pelouses ou \u00e0 la mer, sur la plage. Il pr\u00e9vient la d\u00e9formation de la colonne vert\u00e9brale et r\u00e9duit la fatigue de la taille, du dos et du cou. PRATIQUE : \u00e9tant pliable, il se range facilement dans une valise ou un coffre de voiture.<\/li>\n<\/ul>","protected":false},"excerpt":{"rendered":"<p>This product is handmade in Romania, with great care. (European workshop with more than 23 years of experience) The structure is made entirely of solid pine. The thickness of the structure : 4,5 cm x 2 cm. The textile fabric is in COTTON 100% (density : approx. 300 gr.\/square meter) &#8211; REFRESHING The threads of [&hellip;]<\/p>","protected":false},"featured_media":338,"comment_status":"open","ping_status":"closed","template":"","meta":[],"product_brand":[],"product_cat":[36],"product_tag":[59],"class_list":{"0":"post-337","1":"product","2":"type-product","3":"status-publish","4":"has-post-thumbnail","6":"product_cat-deckchairs","7":"product_tag-adjustable-backrest","9":"first","10":"instock","11":"shipping-taxable","12":"purchasable","13":"product-type-simple"},"_links":{"self":[{"href":"https:\/\/boutique.echos-furniture.ro\/fr\/wp-json\/wp\/v2\/product\/337","targetHints":{"allow":["GET"]}}],"collection":[{"href":"https:\/\/boutique.echos-furniture.ro\/fr\/wp-json\/wp\/v2\/product"}],"about":[{"href":"https:\/\/boutique.echos-furniture.ro\/fr\/wp-json\/wp\/v2\/types\/product"}],"replies":[{"embeddable":true,"href":"https:\/\/boutique.echos-furniture.ro\/fr\/wp-json\/wp\/v2\/comments?post=337"}],"wp:featuredmedia":[{"embeddable":true,"href":"https:\/\/boutique.echos-furniture.ro\/fr\/wp-json\/wp\/v2\/media\/338"}],"wp:attachment":[{"href":"https:\/\/boutique.echos-furniture.ro\/fr\/wp-json\/wp\/v2\/media?parent=337"}],"wp:term":[{"taxonomy":"product_brand","embeddable":true,"href":"https:\/\/boutique.echos-furniture.ro\/fr\/wp-json\/wp\/v2\/product_brand?post=337"},{"taxonomy":"product_cat","embeddable":true,"href":"https:\/\/boutique.echos-furniture.ro\/fr\/wp-json\/wp\/v2\/product_cat?post=337"},{"taxonomy":"product_tag","embeddable":true,"href":"https:\/\/boutique.echos-furniture.ro\/fr\/wp-json\/wp\/v2\/product_tag?post=337"}],"curies":[{"name":"wp","href":"https:\/\/api.w.org\/{rel}","templated":true}]}}