{"id":350,"date":"2023-06-13T18:04:52","date_gmt":"2023-06-13T15:04:52","guid":{"rendered":"https:\/\/boutique.echos-furniture.ro\/?post_type=product&#038;p=350"},"modified":"2023-07-09T09:01:53","modified_gmt":"2023-07-09T06:01:53","slug":"set-of-2-valets-stand-evoque-wenge-and-hazelnut","status":"publish","type":"product","link":"https:\/\/boutique.echos-furniture.ro\/fr\/produs\/set-of-2-valets-stand-evoque-wenge-and-hazelnut\/","title":{"rendered":"Lot de 2 valets de nuit \u00c9VOQUE - wengu\u00e9 et noisette"},"content":{"rendered":"<p><em><span style=\"color: #000080;\"><strong><span class=\"Y2IQFc\" lang=\"en\">Ces produits sont fabriqu\u00e9s \u00e0 la main en Roumanie, avec beaucoup de soin. (Atelier europ\u00e9en avec plus de 23 ans d'exp\u00e9rience)<\/span><\/strong><\/span><\/em><\/p>\n<p>Ce lot de 2 valets \u00c9VOQUE, en pin massif, est compos\u00e9 d`un valet coloris wengu\u00e9 et d`un autre coloris noisette.<\/p>\n<p><em>Dimensions :<\/em> <span style=\"color: #00ccbf;\"><strong>H 100 cm<\/strong> x <strong>46 cm<\/strong> (largeur) x <strong>35 cm<\/strong> (profondeur)<\/span><br \/>\n<em>Couleurs :<\/em> <strong>wengu\u00e9 <\/strong>et <strong>noisette<\/strong><strong>\u00a0<\/strong><br \/>\n<em>Mat\u00e9riel :<\/em> les produits sont enti\u00e8rement fabriqu\u00e9s en pin massif.<br \/>\n<em>Poids net :<\/em> 4 kilos.<br \/>\n<span style=\"color: #ff0000;\"><strong>LIVR\u00c9 MONT\u00c9.<\/strong><\/span><\/p>","protected":false},"excerpt":{"rendered":"<p>These products are handmade in Romania, with great care. (European workshop with more than 23 years of experience) This set of 2 \u00c9VOQUE valets, in solid pine, is composed of a valet color wenge and another hazelnut color. Dimensions : H 100 cm x 46 cm (width) x 35 cm (depth) Colors : wenge and [&hellip;]<\/p>","protected":false},"featured_media":349,"comment_status":"open","ping_status":"closed","template":"","meta":[],"product_brand":[],"product_cat":[33],"product_tag":[50],"class_list":{"0":"post-350","1":"product","2":"type-product","3":"status-publish","4":"has-post-thumbnail","6":"product_cat-valets","7":"product_tag-valet","9":"first","10":"instock","11":"shipping-taxable","12":"purchasable","13":"product-type-simple"},"_links":{"self":[{"href":"https:\/\/boutique.echos-furniture.ro\/fr\/wp-json\/wp\/v2\/product\/350","targetHints":{"allow":["GET"]}}],"collection":[{"href":"https:\/\/boutique.echos-furniture.ro\/fr\/wp-json\/wp\/v2\/product"}],"about":[{"href":"https:\/\/boutique.echos-furniture.ro\/fr\/wp-json\/wp\/v2\/types\/product"}],"replies":[{"embeddable":true,"href":"https:\/\/boutique.echos-furniture.ro\/fr\/wp-json\/wp\/v2\/comments?post=350"}],"wp:featuredmedia":[{"embeddable":true,"href":"https:\/\/boutique.echos-furniture.ro\/fr\/wp-json\/wp\/v2\/media\/349"}],"wp:attachment":[{"href":"https:\/\/boutique.echos-furniture.ro\/fr\/wp-json\/wp\/v2\/media?parent=350"}],"wp:term":[{"taxonomy":"product_brand","embeddable":true,"href":"https:\/\/boutique.echos-furniture.ro\/fr\/wp-json\/wp\/v2\/product_brand?post=350"},{"taxonomy":"product_cat","embeddable":true,"href":"https:\/\/boutique.echos-furniture.ro\/fr\/wp-json\/wp\/v2\/product_cat?post=350"},{"taxonomy":"product_tag","embeddable":true,"href":"https:\/\/boutique.echos-furniture.ro\/fr\/wp-json\/wp\/v2\/product_tag?post=350"}],"curies":[{"name":"wp","href":"https:\/\/api.w.org\/{rel}","templated":true}]}}