{"id":351,"date":"2023-06-13T18:33:21","date_gmt":"2023-06-13T15:33:21","guid":{"rendered":"https:\/\/boutique.echos-furniture.ro\/?post_type=product&#038;p=351"},"modified":"2023-07-09T09:00:43","modified_gmt":"2023-07-09T06:00:43","slug":"set-of-2-valets-stand-orleans-white-and-wenge","status":"publish","type":"product","link":"https:\/\/boutique.echos-furniture.ro\/fr\/produs\/set-of-2-valets-stand-orleans-white-and-wenge\/","title":{"rendered":"Lot de 2 valets de nuit ORL\u00c9ANS - blanc et wengu\u00e9"},"content":{"rendered":"<p><em><span style=\"color: #000080;\"><strong><span class=\"Y2IQFc\" lang=\"en\">Ces produits sont fabriqu\u00e9s \u00e0 la main en Roumanie, avec beaucoup de soin. (Atelier europ\u00e9en avec plus de 23 ans d'exp\u00e9rience)<\/span><\/strong><\/span><\/em><\/p>\n<p>Ce lot de 2 valets ORL\u00c9ANS, en pin massif, est compos\u00e9 d`un valet coloris blanc et d`un autre coloris wengu\u00e9.<\/p>\n<p><em>Dimensions :<\/em> <span style=\"color: #00ccbf;\"><strong>H 105,5 cm<\/strong> x <strong>46,5 cm<\/strong> (largeur) x <strong>35,5 cm<\/strong> (profondeur)<\/span><br \/>\n<em>Couleurs :<\/em> <strong>blanc <\/strong>et<strong> wengu\u00e9<\/strong><br \/>\n<em>Mat\u00e9riel :<\/em> les produits sont enti\u00e8rement fabriqu\u00e9s en pin massif.<br \/>\n<em>Poids net :<\/em> 4 kilos.<br \/>\n<span style=\"color: #ff0000;\"><strong>LIVR\u00c9 MONT\u00c9.<\/strong><\/span><\/p>","protected":false},"excerpt":{"rendered":"<p>These products are handmade in Romania, with great care. (European workshop with more than 23 years of experience) This set of 2 ORL\u00c9ANS valets, in solid pine, is composed of a valet color white and another wenge color. Dimensions : H 105,5 cm x 46,5 cm (width) x 35,5 cm (depth) Colors : white and [&hellip;]<\/p>","protected":false},"featured_media":352,"comment_status":"open","ping_status":"closed","template":"","meta":[],"product_brand":[],"product_cat":[33],"product_tag":[50],"class_list":{"0":"post-351","1":"product","2":"type-product","3":"status-publish","4":"has-post-thumbnail","6":"product_cat-valets","7":"product_tag-valet","9":"first","10":"instock","11":"shipping-taxable","12":"purchasable","13":"product-type-simple"},"_links":{"self":[{"href":"https:\/\/boutique.echos-furniture.ro\/fr\/wp-json\/wp\/v2\/product\/351","targetHints":{"allow":["GET"]}}],"collection":[{"href":"https:\/\/boutique.echos-furniture.ro\/fr\/wp-json\/wp\/v2\/product"}],"about":[{"href":"https:\/\/boutique.echos-furniture.ro\/fr\/wp-json\/wp\/v2\/types\/product"}],"replies":[{"embeddable":true,"href":"https:\/\/boutique.echos-furniture.ro\/fr\/wp-json\/wp\/v2\/comments?post=351"}],"wp:featuredmedia":[{"embeddable":true,"href":"https:\/\/boutique.echos-furniture.ro\/fr\/wp-json\/wp\/v2\/media\/352"}],"wp:attachment":[{"href":"https:\/\/boutique.echos-furniture.ro\/fr\/wp-json\/wp\/v2\/media?parent=351"}],"wp:term":[{"taxonomy":"product_brand","embeddable":true,"href":"https:\/\/boutique.echos-furniture.ro\/fr\/wp-json\/wp\/v2\/product_brand?post=351"},{"taxonomy":"product_cat","embeddable":true,"href":"https:\/\/boutique.echos-furniture.ro\/fr\/wp-json\/wp\/v2\/product_cat?post=351"},{"taxonomy":"product_tag","embeddable":true,"href":"https:\/\/boutique.echos-furniture.ro\/fr\/wp-json\/wp\/v2\/product_tag?post=351"}],"curies":[{"name":"wp","href":"https:\/\/api.w.org\/{rel}","templated":true}]}}