{"id":65,"date":"2022-11-08T21:00:43","date_gmt":"2022-11-08T19:00:43","guid":{"rendered":"https:\/\/boutique.echos-furniture.ro\/?post_type=product&#038;p=65"},"modified":"2023-07-09T09:14:48","modified_gmt":"2023-07-09T06:14:48","slug":"valet-stand-in-wood-evoque-hazelnut","status":"publish","type":"product","link":"https:\/\/boutique.echos-furniture.ro\/fr\/produs\/valet-stand-in-wood-evoque-hazelnut\/","title":{"rendered":"Valet de nuit en bois \u00c9VOQUE - noisette"},"content":{"rendered":"<p><em><span style=\"color: #000080;\"><strong><span class=\"Y2IQFc\" lang=\"en\">Ce produit est fabriqu\u00e9 \u00e0 la main en Roumanie, avec beaucoup de soin. (Atelier europ\u00e9en avec plus de 23 ans d'exp\u00e9rience)<\/span><\/strong><\/span><\/em><\/p>\n<p><em>Dimensions :<\/em> <span style=\"color: #00ccbf;\"><strong>H 100 cm<\/strong> x <strong>46 cm<\/strong> (largeur) x <strong>35 cm<\/strong> (profondeur)<\/span><br \/>\n<em>Couleur :<\/em> <strong>noisette<\/strong><br \/>\n<em>Mat\u00e9riel :<\/em> le produit est fabriqu\u00e9 enti\u00e8rement en pin massif.<br \/>\n<em>Poids net :<\/em> 4 kilos.<br \/>\n<span style=\"color: #ff0000;\"><strong>LIVR\u00c9 MONT\u00c9.<\/strong><\/span><\/p>","protected":false},"excerpt":{"rendered":"<p>This product is handmade in Romania, with great care. (European workshop with more than 23 years of experience) Dimensions : H 100 cm x 46 cm (width) x 35 cm (depth) Color : hazelnut Material : the product is made entirely of solid pine. Weight : 4 kg. Delivered ASSEMBLED.<\/p>","protected":false},"featured_media":67,"comment_status":"open","ping_status":"closed","template":"","meta":[],"product_brand":[],"product_cat":[33],"product_tag":[50],"class_list":{"0":"post-65","1":"product","2":"type-product","3":"status-publish","4":"has-post-thumbnail","6":"product_cat-valets","7":"product_tag-valet","9":"first","10":"instock","11":"shipping-taxable","12":"purchasable","13":"product-type-simple"},"_links":{"self":[{"href":"https:\/\/boutique.echos-furniture.ro\/fr\/wp-json\/wp\/v2\/product\/65","targetHints":{"allow":["GET"]}}],"collection":[{"href":"https:\/\/boutique.echos-furniture.ro\/fr\/wp-json\/wp\/v2\/product"}],"about":[{"href":"https:\/\/boutique.echos-furniture.ro\/fr\/wp-json\/wp\/v2\/types\/product"}],"replies":[{"embeddable":true,"href":"https:\/\/boutique.echos-furniture.ro\/fr\/wp-json\/wp\/v2\/comments?post=65"}],"wp:featuredmedia":[{"embeddable":true,"href":"https:\/\/boutique.echos-furniture.ro\/fr\/wp-json\/wp\/v2\/media\/67"}],"wp:attachment":[{"href":"https:\/\/boutique.echos-furniture.ro\/fr\/wp-json\/wp\/v2\/media?parent=65"}],"wp:term":[{"taxonomy":"product_brand","embeddable":true,"href":"https:\/\/boutique.echos-furniture.ro\/fr\/wp-json\/wp\/v2\/product_brand?post=65"},{"taxonomy":"product_cat","embeddable":true,"href":"https:\/\/boutique.echos-furniture.ro\/fr\/wp-json\/wp\/v2\/product_cat?post=65"},{"taxonomy":"product_tag","embeddable":true,"href":"https:\/\/boutique.echos-furniture.ro\/fr\/wp-json\/wp\/v2\/product_tag?post=65"}],"curies":[{"name":"wp","href":"https:\/\/api.w.org\/{rel}","templated":true}]}}